{"id":23533,"date":"2022-03-21T11:10:27","date_gmt":"2022-03-21T11:10:27","guid":{"rendered":"https:\/\/austurland.is\/storf-an-stadsetningar\/"},"modified":"2022-04-25T15:03:07","modified_gmt":"2022-04-25T15:03:07","slug":"non-local-jobs","status":"publish","type":"page","link":"https:\/\/austurland.is\/en\/non-local-jobs\/","title":{"rendered":"St\u00f6rf \u00e1n sta\u00f0setningar"},"content":{"rendered":"","protected":false},"excerpt":{"rendered":"","protected":false},"author":1,"featured_media":26122,"parent":0,"menu_order":58,"comment_status":"closed","ping_status":"closed","template":"page-elements.php","meta":{"_acf_changed":false,"episode_type":"","audio_file":"","podmotor_file_id":"","podmotor_episode_id":"","cover_image":"","cover_image_id":"","duration":"","filesize":"","filesize_raw":"","date_recorded":"","explicit":"","block":"","footnotes":""},"class_list":["post-23533","page","type-page","status-publish","has-post-thumbnail","hentry"],"acf":[],"_links":{"self":[{"href":"https:\/\/austurland.is\/en\/wp-json\/wp\/v2\/pages\/23533","targetHints":{"allow":["GET"]}}],"collection":[{"href":"https:\/\/austurland.is\/en\/wp-json\/wp\/v2\/pages"}],"about":[{"href":"https:\/\/austurland.is\/en\/wp-json\/wp\/v2\/types\/page"}],"author":[{"embeddable":true,"href":"https:\/\/austurland.is\/en\/wp-json\/wp\/v2\/users\/1"}],"replies":[{"embeddable":true,"href":"https:\/\/austurland.is\/en\/wp-json\/wp\/v2\/comments?post=23533"}],"version-history":[{"count":5,"href":"https:\/\/austurland.is\/en\/wp-json\/wp\/v2\/pages\/23533\/revisions"}],"predecessor-version":[{"id":23766,"href":"https:\/\/austurland.is\/en\/wp-json\/wp\/v2\/pages\/23533\/revisions\/23766"}],"wp:featuredmedia":[{"embeddable":true,"href":"https:\/\/austurland.is\/en\/wp-json\/wp\/v2\/media\/26122"}],"wp:attachment":[{"href":"https:\/\/austurland.is\/en\/wp-json\/wp\/v2\/media?parent=23533"}],"curies":[{"name":"wp","href":"https:\/\/api.w.org\/{rel}","templated":true}]}}